{"id":553,"date":"2022-07-17T18:58:30","date_gmt":"2022-07-17T18:58:30","guid":{"rendered":"https:\/\/www.contexpraha.cz\/?page_id=553"},"modified":"2024-02-02T16:55:19","modified_gmt":"2024-02-02T15:55:19","slug":"lumberg-automation","status":"publish","type":"page","link":"https:\/\/www.contexpraha.cz\/?page_id=553","title":{"rendered":"LumbergAutomation"},"content":{"rendered":"\t\t<div data-elementor-type=\"wp-page\" data-elementor-id=\"553\" class=\"elementor elementor-553\">\n\t\t\t\t\t\t<section class=\"elementor-section elementor-top-section elementor-element elementor-element-55d612a elementor-section-boxed elementor-section-height-default elementor-section-height-default\" data-id=\"55d612a\" data-element_type=\"section\">\n\t\t\t\t\t\t<div class=\"elementor-container elementor-column-gap-default\">\n\t\t\t\t\t<div class=\"elementor-column elementor-col-100 elementor-top-column elementor-element elementor-element-a4e2e39\" data-id=\"a4e2e39\" data-element_type=\"column\">\n\t\t\t<div class=\"elementor-widget-wrap elementor-element-populated\">\n\t\t\t\t\t\t<div class=\"elementor-element elementor-element-d9a5923 elementor-widget elementor-widget-image\" data-id=\"d9a5923\" data-element_type=\"widget\" data-widget_type=\"image.default\">\n\t\t\t\t<div class=\"elementor-widget-container\">\n\t\t\t\t\t\t\t\t\t\t\t\t\t\t\t<img fetchpriority=\"high\" decoding=\"async\" width=\"879\" height=\"254\" src=\"https:\/\/mlm1npjzorcm.i.optimole.com\/w:auto\/h:auto\/q:mauto\/f:best\/https:\/\/www.contexpraha.cz\/wp-content\/uploads\/2022\/05\/lumberg-automation-logo-vector-e1658145028680.png\" class=\"attachment-large size-large wp-image-251\" alt=\"\" srcset=\"https:\/\/mlm1npjzorcm.i.optimole.com\/w:auto\/h:auto\/q:mauto\/f:best\/https:\/\/www.contexpraha.cz\/wp-content\/uploads\/2022\/05\/lumberg-automation-logo-vector-e1658145028680.png 879w, https:\/\/mlm1npjzorcm.i.optimole.com\/w:300\/h:87\/q:mauto\/f:best\/https:\/\/www.contexpraha.cz\/wp-content\/uploads\/2022\/05\/lumberg-automation-logo-vector-e1658145028680.png 300w, https:\/\/mlm1npjzorcm.i.optimole.com\/w:768\/h:222\/q:mauto\/f:best\/https:\/\/www.contexpraha.cz\/wp-content\/uploads\/2022\/05\/lumberg-automation-logo-vector-e1658145028680.png 768w\" sizes=\"(max-width: 879px) 100vw, 879px\" \/>\t\t\t\t\t\t\t\t\t\t\t\t\t\t\t<\/div>\n\t\t\t\t<\/div>\n\t\t\t\t\t<\/div>\n\t\t<\/div>\n\t\t\t\t\t<\/div>\n\t\t<\/section>\n\t\t\t\t<section class=\"elementor-section elementor-top-section elementor-element elementor-element-d4c2abf elementor-section-boxed elementor-section-height-default elementor-section-height-default\" data-id=\"d4c2abf\" data-element_type=\"section\">\n\t\t\t\t\t\t<div class=\"elementor-container elementor-column-gap-default\">\n\t\t\t\t\t<div class=\"elementor-column elementor-col-100 elementor-top-column elementor-element elementor-element-1d7f941\" data-id=\"1d7f941\" data-element_type=\"column\">\n\t\t\t<div class=\"elementor-widget-wrap elementor-element-populated\">\n\t\t\t\t\t\t<div class=\"elementor-element elementor-element-5399a69 elementor-widget elementor-widget-text-editor\" data-id=\"5399a69\" data-element_type=\"widget\" data-widget_type=\"text-editor.default\">\n\t\t\t\t<div class=\"elementor-widget-container\">\n\t\t\t\t\t\t\t\t\t<p>Lumberg Automation dod\u00e1v\u00e1 inteligentn\u00ed \u0159e\u0161en\u00ed konektivity jako jsou komponenty elektronick\u00fdch sb\u011brnic, konektory a syst\u00e9my rozvodn\u00fdch box\u016f pro v\u0161echny aplikace v pr\u016fmyslov\u00e9 automatizaci.<\/p>\t\t\t\t\t\t\t\t<\/div>\n\t\t\t\t<\/div>\n\t\t\t\t\t<\/div>\n\t\t<\/div>\n\t\t\t\t\t<\/div>\n\t\t<\/section>\n\t\t\t\t<section class=\"elementor-section elementor-top-section elementor-element elementor-element-43f2d57 elementor-section-boxed elementor-section-height-default elementor-section-height-default\" data-id=\"43f2d57\" data-element_type=\"section\">\n\t\t\t\t\t\t<div class=\"elementor-container elementor-column-gap-default\">\n\t\t\t\t\t<div class=\"elementor-column elementor-col-100 elementor-top-column elementor-element elementor-element-7861cf7\" data-id=\"7861cf7\" data-element_type=\"column\">\n\t\t\t<div class=\"elementor-widget-wrap elementor-element-populated\">\n\t\t\t\t\t\t<div class=\"elementor-element elementor-element-8763e1c elementor-widget-divider--view-line elementor-widget elementor-widget-divider\" data-id=\"8763e1c\" data-element_type=\"widget\" data-widget_type=\"divider.default\">\n\t\t\t\t<div class=\"elementor-widget-container\">\n\t\t\t\t\t\t\t<div class=\"elementor-divider\">\n\t\t\t<span class=\"elementor-divider-separator\">\n\t\t\t\t\t\t<\/span>\n\t\t<\/div>\n\t\t\t\t\t\t<\/div>\n\t\t\t\t<\/div>\n\t\t\t\t\t<\/div>\n\t\t<\/div>\n\t\t\t\t\t<\/div>\n\t\t<\/section>\n\t\t\t\t<section class=\"elementor-section elementor-top-section elementor-element elementor-element-6324cdd elementor-section-boxed elementor-section-height-default elementor-section-height-default\" data-id=\"6324cdd\" data-element_type=\"section\">\n\t\t\t\t\t\t<div class=\"elementor-container elementor-column-gap-default\">\n\t\t\t\t\t<div class=\"elementor-column elementor-col-20 elementor-top-column elementor-element elementor-element-770b511\" data-id=\"770b511\" data-element_type=\"column\">\n\t\t\t<div class=\"elementor-widget-wrap elementor-element-populated\">\n\t\t\t\t\t\t<div class=\"elementor-element elementor-element-e5ffbcf elementor-widget elementor-widget-text-editor\" data-id=\"e5ffbcf\" data-element_type=\"widget\" data-widget_type=\"text-editor.default\">\n\t\t\t\t<div class=\"elementor-widget-container\">\n\t\t\t\t\t\t\t\t\t<p style=\"text-align: center;\"><strong>Nap\u00e1jen\u00ed<\/strong><\/p>\t\t\t\t\t\t\t\t<\/div>\n\t\t\t\t<\/div>\n\t\t\t\t\t<\/div>\n\t\t<\/div>\n\t\t\t\t<div class=\"elementor-column elementor-col-20 elementor-top-column elementor-element elementor-element-84af352\" data-id=\"84af352\" data-element_type=\"column\">\n\t\t\t<div class=\"elementor-widget-wrap elementor-element-populated\">\n\t\t\t\t\t\t<div class=\"elementor-element elementor-element-3871a4a elementor-widget elementor-widget-text-editor\" data-id=\"3871a4a\" data-element_type=\"widget\" data-widget_type=\"text-editor.default\">\n\t\t\t\t<div class=\"elementor-widget-container\">\n\t\t\t\t\t\t\t\t\t<p style=\"text-align: center;\"><strong>I\/O syst\u00e9my<\/strong><\/p>\t\t\t\t\t\t\t\t<\/div>\n\t\t\t\t<\/div>\n\t\t\t\t\t<\/div>\n\t\t<\/div>\n\t\t\t\t<div class=\"elementor-column elementor-col-20 elementor-top-column elementor-element elementor-element-fff3e81\" data-id=\"fff3e81\" data-element_type=\"column\">\n\t\t\t<div class=\"elementor-widget-wrap elementor-element-populated\">\n\t\t\t\t\t\t<div class=\"elementor-element elementor-element-6c948d2 elementor-widget elementor-widget-text-editor\" data-id=\"6c948d2\" data-element_type=\"widget\" data-widget_type=\"text-editor.default\">\n\t\t\t\t<div class=\"elementor-widget-container\">\n\t\t\t\t\t\t\t\t\t<p style=\"text-align: center;\"><strong>Senzory<\/strong><\/p>\t\t\t\t\t\t\t\t<\/div>\n\t\t\t\t<\/div>\n\t\t\t\t\t<\/div>\n\t\t<\/div>\n\t\t\t\t<div class=\"elementor-column elementor-col-20 elementor-top-column elementor-element elementor-element-b2a5e19\" data-id=\"b2a5e19\" data-element_type=\"column\">\n\t\t\t<div class=\"elementor-widget-wrap elementor-element-populated\">\n\t\t\t\t\t\t<div class=\"elementor-element elementor-element-1ce54c6 elementor-widget elementor-widget-text-editor\" data-id=\"1ce54c6\" data-element_type=\"widget\" data-widget_type=\"text-editor.default\">\n\t\t\t\t<div class=\"elementor-widget-container\">\n\t\t\t\t\t\t\t\t\t<p style=\"text-align: center;\"><strong>Ventilov\u00e9 konektory<\/strong><\/p>\t\t\t\t\t\t\t\t<\/div>\n\t\t\t\t<\/div>\n\t\t\t\t\t<\/div>\n\t\t<\/div>\n\t\t\t\t<div class=\"elementor-column elementor-col-20 elementor-top-column elementor-element elementor-element-38aaa4e\" data-id=\"38aaa4e\" data-element_type=\"column\">\n\t\t\t<div class=\"elementor-widget-wrap elementor-element-populated\">\n\t\t\t\t\t\t<div class=\"elementor-element elementor-element-f05717e elementor-widget elementor-widget-text-editor\" data-id=\"f05717e\" data-element_type=\"widget\" data-widget_type=\"text-editor.default\">\n\t\t\t\t<div class=\"elementor-widget-container\">\n\t\t\t\t\t\t\t\t\t<p style=\"text-align: center;\"><strong>Data<\/strong><\/p>\t\t\t\t\t\t\t\t<\/div>\n\t\t\t\t<\/div>\n\t\t\t\t\t<\/div>\n\t\t<\/div>\n\t\t\t\t\t<\/div>\n\t\t<\/section>\n\t\t\t\t<section class=\"elementor-section elementor-top-section elementor-element elementor-element-49d35b8 elementor-section-boxed elementor-section-height-default elementor-section-height-default\" data-id=\"49d35b8\" data-element_type=\"section\">\n\t\t\t\t\t\t<div class=\"elementor-container elementor-column-gap-default\">\n\t\t\t\t\t<div class=\"elementor-column elementor-col-20 elementor-top-column elementor-element elementor-element-ff23982\" data-id=\"ff23982\" data-element_type=\"column\">\n\t\t\t<div class=\"elementor-widget-wrap elementor-element-populated\">\n\t\t\t\t\t\t<div class=\"elementor-element elementor-element-9af9dc6 elementor-widget elementor-widget-image\" data-id=\"9af9dc6\" data-element_type=\"widget\" data-widget_type=\"image.default\">\n\t\t\t\t<div class=\"elementor-widget-container\">\n\t\t\t\t\t\t\t\t\t\t\t\t\t\t\t\t<a href=\"https:\/\/www.lumberg-automation.com\/en\/Lumberg_Automation\/Power_Connectors\/index.phtml\" target=\"_blank\">\n\t\t\t\t\t\t\t<img fetchpriority=\"high\" decoding=\"async\" width=\"205\" height=\"182\" src=\"https:\/\/mlm1npjzorcm.i.optimole.com\/w:auto\/h:auto\/q:mauto\/f:best\/https:\/\/www.contexpraha.cz\/wp-content\/uploads\/2022\/07\/Power_370x330.jpg205x182.jpg\" class=\"attachment-large size-large wp-image-724\" alt=\"\" \/>\t\t\t\t\t\t\t\t<\/a>\n\t\t\t\t\t\t\t\t\t\t\t\t\t\t\t<\/div>\n\t\t\t\t<\/div>\n\t\t\t\t\t<\/div>\n\t\t<\/div>\n\t\t\t\t<div class=\"elementor-column elementor-col-20 elementor-top-column elementor-element elementor-element-e6132aa\" data-id=\"e6132aa\" data-element_type=\"column\">\n\t\t\t<div class=\"elementor-widget-wrap elementor-element-populated\">\n\t\t\t\t\t\t<div class=\"elementor-element elementor-element-f8265ac elementor-widget elementor-widget-image\" data-id=\"f8265ac\" data-element_type=\"widget\" data-widget_type=\"image.default\">\n\t\t\t\t<div class=\"elementor-widget-container\">\n\t\t\t\t\t\t\t\t\t\t\t\t\t\t\t\t<a href=\"https:\/\/www.lumberg-automation.com\/en\/Lumberg_Automation\/IO_Systems\/index.phtml\" target=\"_blank\">\n\t\t\t\t\t\t\t<img fetchpriority=\"high\" decoding=\"async\" width=\"205\" height=\"182\" src=\"https:\/\/mlm1npjzorcm.i.optimole.com\/w:auto\/h:auto\/q:mauto\/f:best\/https:\/\/www.contexpraha.cz\/wp-content\/uploads\/2022\/07\/IO-Systems_370x330.jpg205x182.jpg\" class=\"attachment-large size-large wp-image-723\" alt=\"\" \/>\t\t\t\t\t\t\t\t<\/a>\n\t\t\t\t\t\t\t\t\t\t\t\t\t\t\t<\/div>\n\t\t\t\t<\/div>\n\t\t\t\t\t<\/div>\n\t\t<\/div>\n\t\t\t\t<div class=\"elementor-column elementor-col-20 elementor-top-column elementor-element elementor-element-db82bd8\" data-id=\"db82bd8\" data-element_type=\"column\">\n\t\t\t<div class=\"elementor-widget-wrap elementor-element-populated\">\n\t\t\t\t\t\t<div class=\"elementor-element elementor-element-35e0c27 elementor-widget elementor-widget-image\" data-id=\"35e0c27\" data-element_type=\"widget\" data-widget_type=\"image.default\">\n\t\t\t\t<div class=\"elementor-widget-container\">\n\t\t\t\t\t\t\t\t\t\t\t\t\t\t\t\t<a href=\"https:\/\/www.lumberg-automation.com\/en\/Lumberg_Automation\/Sensor-Actuator\/index.phtml\" target=\"_blank\">\n\t\t\t\t\t\t\t<img data-opt-src=\"https:\/\/mlm1npjzorcm.i.optimole.com\/w:auto\/h:auto\/q:mauto\/f:best\/https:\/\/www.contexpraha.cz\/wp-content\/uploads\/2022\/07\/sensor-actuator-370x330.jpg205x182.jpg\"  loading=\"lazy\" decoding=\"async\" width=\"205\" height=\"182\" src=\"https:\/\/mlm1npjzorcm.i.optimole.com\/w:auto\/h:auto\/q:eco\/f:best\/https:\/\/www.contexpraha.cz\/wp-content\/uploads\/2022\/07\/sensor-actuator-370x330.jpg205x182.jpg\" class=\"attachment-large size-large wp-image-722\" alt=\"\" \/>\t\t\t\t\t\t\t\t<\/a>\n\t\t\t\t\t\t\t\t\t\t\t\t\t\t\t<\/div>\n\t\t\t\t<\/div>\n\t\t\t\t\t<\/div>\n\t\t<\/div>\n\t\t\t\t<div class=\"elementor-column elementor-col-20 elementor-top-column elementor-element elementor-element-a8bc592\" data-id=\"a8bc592\" data-element_type=\"column\">\n\t\t\t<div class=\"elementor-widget-wrap elementor-element-populated\">\n\t\t\t\t\t\t<div class=\"elementor-element elementor-element-a19503b elementor-widget elementor-widget-image\" data-id=\"a19503b\" data-element_type=\"widget\" data-widget_type=\"image.default\">\n\t\t\t\t<div class=\"elementor-widget-container\">\n\t\t\t\t\t\t\t\t\t\t\t\t\t\t\t\t<a href=\"https:\/\/hirschmann.com\/en\/Hirschmann_Produkte\/Industrial_Connectors\/Valve_Connectors\/index.phtml\" target=\"_blank\">\n\t\t\t\t\t\t\t<img data-opt-src=\"https:\/\/mlm1npjzorcm.i.optimole.com\/w:auto\/h:auto\/q:mauto\/f:best\/https:\/\/www.contexpraha.cz\/wp-content\/uploads\/2022\/07\/valve-connectors-370x330.jpg205x182.jpg\"  loading=\"lazy\" decoding=\"async\" width=\"205\" height=\"182\" src=\"https:\/\/mlm1npjzorcm.i.optimole.com\/w:auto\/h:auto\/q:eco\/f:best\/https:\/\/www.contexpraha.cz\/wp-content\/uploads\/2022\/07\/valve-connectors-370x330.jpg205x182.jpg\" class=\"attachment-large size-large wp-image-719\" alt=\"\" \/>\t\t\t\t\t\t\t\t<\/a>\n\t\t\t\t\t\t\t\t\t\t\t\t\t\t\t<\/div>\n\t\t\t\t<\/div>\n\t\t\t\t\t<\/div>\n\t\t<\/div>\n\t\t\t\t<div class=\"elementor-column elementor-col-20 elementor-top-column elementor-element elementor-element-88b103f\" data-id=\"88b103f\" data-element_type=\"column\">\n\t\t\t<div class=\"elementor-widget-wrap elementor-element-populated\">\n\t\t\t\t\t\t<div class=\"elementor-element elementor-element-fa2c49e elementor-widget elementor-widget-image\" data-id=\"fa2c49e\" data-element_type=\"widget\" data-widget_type=\"image.default\">\n\t\t\t\t<div class=\"elementor-widget-container\">\n\t\t\t\t\t\t\t\t\t\t\t\t\t\t\t\t<a href=\"https:\/\/www.lumberg-automation.com\/en\/Lumberg_Automation\/Data-Connectors\/index.phtml\" target=\"_blank\">\n\t\t\t\t\t\t\t<img data-opt-src=\"https:\/\/mlm1npjzorcm.i.optimole.com\/w:auto\/h:auto\/q:mauto\/f:best\/https:\/\/www.contexpraha.cz\/wp-content\/uploads\/2022\/07\/Data-370x330.jpg205x182.jpg\"  loading=\"lazy\" decoding=\"async\" width=\"205\" height=\"182\" src=\"https:\/\/mlm1npjzorcm.i.optimole.com\/w:auto\/h:auto\/q:eco\/f:best\/https:\/\/www.contexpraha.cz\/wp-content\/uploads\/2022\/07\/Data-370x330.jpg205x182.jpg\" class=\"attachment-large size-large wp-image-721\" alt=\"\" \/>\t\t\t\t\t\t\t\t<\/a>\n\t\t\t\t\t\t\t\t\t\t\t\t\t\t\t<\/div>\n\t\t\t\t<\/div>\n\t\t\t\t\t<\/div>\n\t\t<\/div>\n\t\t\t\t\t<\/div>\n\t\t<\/section>\n\t\t\t\t<section class=\"elementor-section elementor-top-section elementor-element elementor-element-d167383 elementor-section-boxed elementor-section-height-default elementor-section-height-default\" data-id=\"d167383\" data-element_type=\"section\">\n\t\t\t\t\t\t<div class=\"elementor-container elementor-column-gap-default\">\n\t\t\t\t\t<div class=\"elementor-column elementor-col-20 elementor-top-column elementor-element elementor-element-55d6504\" data-id=\"55d6504\" data-element_type=\"column\">\n\t\t\t<div class=\"elementor-widget-wrap elementor-element-populated\">\n\t\t\t\t\t\t<div class=\"elementor-element elementor-element-81862da elementor-widget elementor-widget-text-editor\" data-id=\"81862da\" data-element_type=\"widget\" data-widget_type=\"text-editor.default\">\n\t\t\t\t<div class=\"elementor-widget-container\">\n\t\t\t\t\t\t\t\t\t<ul><li>\u0159ada M12 Power<\/li><li>\u0159ada 7\/8&#8243;<\/li><li>\u0159ada M23<\/li><li>\u0159ada G\/GO<\/li><li>\u0159ada CA<\/li><\/ul>\t\t\t\t\t\t\t\t<\/div>\n\t\t\t\t<\/div>\n\t\t\t\t\t<\/div>\n\t\t<\/div>\n\t\t\t\t<div class=\"elementor-column elementor-col-20 elementor-top-column elementor-element elementor-element-785971f\" data-id=\"785971f\" data-element_type=\"column\">\n\t\t\t<div class=\"elementor-widget-wrap elementor-element-populated\">\n\t\t\t\t\t\t<div class=\"elementor-element elementor-element-55d5b06 elementor-widget elementor-widget-text-editor\" data-id=\"55d5b06\" data-element_type=\"widget\" data-widget_type=\"text-editor.default\">\n\t\t\t\t<div class=\"elementor-widget-container\">\n\t\t\t\t\t\t\t\t\t<ul><li>ethernetov\u00e9 I\/O moduly<\/li><li>IO-Link mastery a IO-Link rozbo\u010dova\u010de<\/li><li>distribuovan\u00e9 \u0159\u00eddic\u00ed jednotky<\/li><li>fieldbus I\/O moduly<\/li><li>modul\u00e1rn\u00ed I\/O syst\u00e9my<\/li><\/ul>\t\t\t\t\t\t\t\t<\/div>\n\t\t\t\t<\/div>\n\t\t\t\t\t<\/div>\n\t\t<\/div>\n\t\t\t\t<div class=\"elementor-column elementor-col-20 elementor-top-column elementor-element elementor-element-7f3050a\" data-id=\"7f3050a\" data-element_type=\"column\">\n\t\t\t<div class=\"elementor-widget-wrap elementor-element-populated\">\n\t\t\t\t\t\t<div class=\"elementor-element elementor-element-039ef2d elementor-widget elementor-widget-text-editor\" data-id=\"039ef2d\" data-element_type=\"widget\" data-widget_type=\"text-editor.default\">\n\t\t\t\t<div class=\"elementor-widget-container\">\n\t\t\t\t\t\t\t\t\t<ul><li>\u0159ada M8<\/li><li>\u0159ada M12<\/li><li>M8 5-pin v B-k\u00f3dov\u00e1n\u00ed<\/li><li>vod\u011bodoln\u00e1 \u0159ada M8\/M12<\/li><\/ul>\t\t\t\t\t\t\t\t<\/div>\n\t\t\t\t<\/div>\n\t\t\t\t\t<\/div>\n\t\t<\/div>\n\t\t\t\t<div class=\"elementor-column elementor-col-20 elementor-top-column elementor-element elementor-element-13df522\" data-id=\"13df522\" data-element_type=\"column\">\n\t\t\t<div class=\"elementor-widget-wrap elementor-element-populated\">\n\t\t\t\t\t\t<div class=\"elementor-element elementor-element-1de3845 elementor-widget elementor-widget-text-editor\" data-id=\"1de3845\" data-element_type=\"widget\" data-widget_type=\"text-editor.default\">\n\t\t\t\t<div class=\"elementor-widget-container\">\n\t\t\t\t\t\t\t\t\t<ul><li>typ A<\/li><li>typ B<\/li><li>typ C<\/li><\/ul>\t\t\t\t\t\t\t\t<\/div>\n\t\t\t\t<\/div>\n\t\t\t\t\t<\/div>\n\t\t<\/div>\n\t\t\t\t<div class=\"elementor-column elementor-col-20 elementor-top-column elementor-element elementor-element-61e06b0\" data-id=\"61e06b0\" data-element_type=\"column\">\n\t\t\t<div class=\"elementor-widget-wrap elementor-element-populated\">\n\t\t\t\t\t\t<div class=\"elementor-element elementor-element-7f4ca06 elementor-widget elementor-widget-text-editor\" data-id=\"7f4ca06\" data-element_type=\"widget\" data-widget_type=\"text-editor.default\">\n\t\t\t\t<div class=\"elementor-widget-container\">\n\t\t\t\t\t\t\t\t\t<ul><li>datov\u00fd konektor Fieldbus<\/li><li>gigabit Ethernet konektor<\/li><li>hybridn\u00ed konektor M12<\/li><\/ul>\t\t\t\t\t\t\t\t<\/div>\n\t\t\t\t<\/div>\n\t\t\t\t\t<\/div>\n\t\t<\/div>\n\t\t\t\t\t<\/div>\n\t\t<\/section>\n\t\t\t\t<section class=\"elementor-section elementor-top-section elementor-element elementor-element-0dd7df1 elementor-section-boxed elementor-section-height-default elementor-section-height-default\" data-id=\"0dd7df1\" data-element_type=\"section\">\n\t\t\t\t\t\t<div class=\"elementor-container elementor-column-gap-default\">\n\t\t\t\t\t<div class=\"elementor-column elementor-col-100 elementor-top-column elementor-element elementor-element-058231f\" data-id=\"058231f\" data-element_type=\"column\">\n\t\t\t<div class=\"elementor-widget-wrap elementor-element-populated\">\n\t\t\t\t\t\t<div class=\"elementor-element elementor-element-f135217 elementor-widget-divider--view-line elementor-widget elementor-widget-divider\" data-id=\"f135217\" data-element_type=\"widget\" data-widget_type=\"divider.default\">\n\t\t\t\t<div class=\"elementor-widget-container\">\n\t\t\t\t\t\t\t<div class=\"elementor-divider\">\n\t\t\t<span class=\"elementor-divider-separator\">\n\t\t\t\t\t\t<\/span>\n\t\t<\/div>\n\t\t\t\t\t\t<\/div>\n\t\t\t\t<\/div>\n\t\t\t\t\t<\/div>\n\t\t<\/div>\n\t\t\t\t\t<\/div>\n\t\t<\/section>\n\t\t\t\t<section class=\"elementor-section elementor-top-section elementor-element elementor-element-8b94beb elementor-section-boxed elementor-section-height-default elementor-section-height-default\" data-id=\"8b94beb\" data-element_type=\"section\">\n\t\t\t\t\t\t<div class=\"elementor-container elementor-column-gap-default\">\n\t\t\t\t\t<div class=\"elementor-column elementor-col-100 elementor-top-column elementor-element elementor-element-ef73a62\" data-id=\"ef73a62\" data-element_type=\"column\">\n\t\t\t<div class=\"elementor-widget-wrap elementor-element-populated\">\n\t\t\t\t\t\t<div class=\"elementor-element elementor-element-ce55f94 elementor-align-center elementor-widget elementor-widget-button\" data-id=\"ce55f94\" data-element_type=\"widget\" data-widget_type=\"button.default\">\n\t\t\t\t<div class=\"elementor-widget-container\">\n\t\t\t\t\t\t\t\t\t<div class=\"elementor-button-wrapper\">\n\t\t\t\t\t<a class=\"elementor-button elementor-button-link elementor-size-xl\" href=\"mailto:%20obchod@contexpraha.cz\" target=\"_blank\">\n\t\t\t\t\t\t<span class=\"elementor-button-content-wrapper\">\n\t\t\t\t\t\t<span class=\"elementor-button-icon\">\n\t\t\t\t<i aria-hidden=\"true\" class=\"far fa-envelope\"><\/i>\t\t\t<\/span>\n\t\t\t\t\t\t\t\t\t<span class=\"elementor-button-text\">Kontaktuje n\u00e1s<\/span>\n\t\t\t\t\t<\/span>\n\t\t\t\t\t<\/a>\n\t\t\t\t<\/div>\n\t\t\t\t\t\t\t\t<\/div>\n\t\t\t\t<\/div>\n\t\t\t\t\t<\/div>\n\t\t<\/div>\n\t\t\t\t\t<\/div>\n\t\t<\/section>\n\t\t\t\t<section class=\"elementor-section elementor-top-section elementor-element elementor-element-ead9a61 elementor-section-boxed elementor-section-height-default elementor-section-height-default\" data-id=\"ead9a61\" data-element_type=\"section\">\n\t\t\t\t\t\t<div class=\"elementor-container elementor-column-gap-default\">\n\t\t\t\t\t<div class=\"elementor-column elementor-col-100 elementor-top-column elementor-element elementor-element-fc09f09\" data-id=\"fc09f09\" data-element_type=\"column\">\n\t\t\t<div class=\"elementor-widget-wrap elementor-element-populated\">\n\t\t\t\t\t\t<div class=\"elementor-element elementor-element-fe3c53a elementor-widget-divider--view-line elementor-widget elementor-widget-divider\" data-id=\"fe3c53a\" data-element_type=\"widget\" data-widget_type=\"divider.default\">\n\t\t\t\t<div class=\"elementor-widget-container\">\n\t\t\t\t\t\t\t<div class=\"elementor-divider\">\n\t\t\t<span class=\"elementor-divider-separator\">\n\t\t\t\t\t\t<\/span>\n\t\t<\/div>\n\t\t\t\t\t\t<\/div>\n\t\t\t\t<\/div>\n\t\t\t\t\t<\/div>\n\t\t<\/div>\n\t\t\t\t\t<\/div>\n\t\t<\/section>\n\t\t\t\t<section class=\"elementor-section elementor-top-section elementor-element elementor-element-869b33e elementor-section-boxed elementor-section-height-default elementor-section-height-default\" data-id=\"869b33e\" data-element_type=\"section\">\n\t\t\t\t\t\t<div class=\"elementor-container elementor-column-gap-default\">\n\t\t\t\t\t<div class=\"elementor-column elementor-col-100 elementor-top-column elementor-element elementor-element-4f6f4a6\" data-id=\"4f6f4a6\" data-element_type=\"column\">\n\t\t\t<div class=\"elementor-widget-wrap elementor-element-populated\">\n\t\t\t\t\t\t<div class=\"elementor-element elementor-element-12f244d elementor-widget elementor-widget-text-editor\" data-id=\"12f244d\" data-element_type=\"widget\" data-widget_type=\"text-editor.default\">\n\t\t\t\t<div class=\"elementor-widget-container\">\n\t\t\t\t\t\t\t\t\t<p style=\"text-align: center;\">CONTEX Praha, s.r.o., Ml\u00fdnsk\u00e1 60\/2, Praha 6; I\u010c:27889220; tel: +420 602 181 634, obchod@contexpraha.cz<\/p>\t\t\t\t\t\t\t\t<\/div>\n\t\t\t\t<\/div>\n\t\t\t\t\t<\/div>\n\t\t<\/div>\n\t\t\t\t\t<\/div>\n\t\t<\/section>\n\t\t\t\t<section class=\"elementor-section elementor-top-section elementor-element elementor-element-2a1e78a elementor-section-boxed elementor-section-height-default elementor-section-height-default\" data-id=\"2a1e78a\" data-element_type=\"section\">\n\t\t\t\t\t\t<div class=\"elementor-container elementor-column-gap-default\">\n\t\t\t\t\t<div class=\"elementor-column elementor-col-100 elementor-top-column elementor-element elementor-element-6878d77\" data-id=\"6878d77\" data-element_type=\"column\">\n\t\t\t<div class=\"elementor-widget-wrap elementor-element-populated\">\n\t\t\t\t\t\t<div class=\"elementor-element elementor-element-ded20da elementor-widget elementor-widget-html\" data-id=\"ded20da\" data-element_type=\"widget\" data-widget_type=\"html.default\">\n\t\t\t\t<div class=\"elementor-widget-container\">\n\t\t\t\t\t<!-- Google tag (gtag.js) -->\n<script async src=\"https:\/\/www.googletagmanager.com\/gtag\/js?id=G-VH1SRFWBYL\"><\/script>\n<script>\n  window.dataLayer = window.dataLayer || [];\n  function gtag(){dataLayer.push(arguments);}\n  gtag('js', new Date());\n\n  gtag('config', 'G-VH1SRFWBYL');\n<\/script>\t\t\t\t<\/div>\n\t\t\t\t<\/div>\n\t\t\t\t\t<\/div>\n\t\t<\/div>\n\t\t\t\t\t<\/div>\n\t\t<\/section>\n\t\t\t\t<\/div>\n\t\t","protected":false},"excerpt":{"rendered":"<p>Lumberg Automation dod\u00e1v\u00e1 inteligentn\u00ed \u0159e\u0161en\u00ed konektivity jako jsou komponenty elektronick\u00fdch sb\u011brnic, konektory a syst\u00e9my rozvodn\u00fdch box\u016f pro v\u0161echny aplikace v pr\u016fmyslov\u00e9 automatizaci. Nap\u00e1jen\u00ed I\/O syst\u00e9my Senzory Ventilov\u00e9 konektory Data \u0159ada M12 Power \u0159ada 7\/8&#8243; \u0159ada M23 \u0159ada G\/GO \u0159ada CA ethernetov\u00e9 I\/O moduly IO-Link mastery a IO-Link rozbo\u010dova\u010de distribuovan\u00e9 \u0159\u00eddic\u00ed jednotky fieldbus I\/O moduly modul\u00e1rn\u00ed&hellip;&nbsp;<a href=\"https:\/\/www.contexpraha.cz\/?page_id=553\" rel=\"bookmark\">\u010c\u00edst d\u00e1le &raquo;<span class=\"screen-reader-text\">LumbergAutomation<\/span><\/a><\/p>\n","protected":false},"author":1,"featured_media":0,"parent":0,"menu_order":0,"comment_status":"closed","ping_status":"closed","template":"page-templates\/template-pagebuilder-full-width.php","meta":{"neve_meta_sidebar":"","neve_meta_container":"","neve_meta_enable_content_width":"","neve_meta_content_width":0,"neve_meta_title_alignment":"","neve_meta_author_avatar":"","neve_post_elements_order":"","neve_meta_disable_header":"","neve_meta_disable_footer":"on","neve_meta_disable_title":"","footnotes":""},"_links":{"self":[{"href":"https:\/\/www.contexpraha.cz\/index.php?rest_route=\/wp\/v2\/pages\/553"}],"collection":[{"href":"https:\/\/www.contexpraha.cz\/index.php?rest_route=\/wp\/v2\/pages"}],"about":[{"href":"https:\/\/www.contexpraha.cz\/index.php?rest_route=\/wp\/v2\/types\/page"}],"author":[{"embeddable":true,"href":"https:\/\/www.contexpraha.cz\/index.php?rest_route=\/wp\/v2\/users\/1"}],"replies":[{"embeddable":true,"href":"https:\/\/www.contexpraha.cz\/index.php?rest_route=%2Fwp%2Fv2%2Fcomments&post=553"}],"version-history":[{"count":33,"href":"https:\/\/www.contexpraha.cz\/index.php?rest_route=\/wp\/v2\/pages\/553\/revisions"}],"predecessor-version":[{"id":1663,"href":"https:\/\/www.contexpraha.cz\/index.php?rest_route=\/wp\/v2\/pages\/553\/revisions\/1663"}],"wp:attachment":[{"href":"https:\/\/www.contexpraha.cz\/index.php?rest_route=%2Fwp%2Fv2%2Fmedia&parent=553"}],"curies":[{"name":"wp","href":"https:\/\/api.w.org\/{rel}","templated":true}]}}