{"id":17,"date":"2022-05-08T17:31:40","date_gmt":"2022-05-08T17:31:40","guid":{"rendered":"https:\/\/www.contexpraha.cz\/?page_id=17"},"modified":"2024-02-02T16:56:28","modified_gmt":"2024-02-02T15:56:28","slug":"o","status":"publish","type":"page","link":"https:\/\/www.contexpraha.cz\/?page_id=17","title":{"rendered":"O n\u00e1s"},"content":{"rendered":"\t\t<div data-elementor-type=\"wp-page\" data-elementor-id=\"17\" class=\"elementor elementor-17\">\n\t\t\t\t\t\t<section class=\"elementor-section elementor-top-section elementor-element elementor-element-d865b44 elementor-section-boxed elementor-section-height-default elementor-section-height-default\" data-id=\"d865b44\" data-element_type=\"section\">\n\t\t\t\t\t\t<div class=\"elementor-container elementor-column-gap-default\">\n\t\t\t\t\t<div class=\"elementor-column elementor-col-100 elementor-top-column elementor-element elementor-element-a35e92f\" data-id=\"a35e92f\" data-element_type=\"column\">\n\t\t\t<div class=\"elementor-widget-wrap elementor-element-populated\">\n\t\t\t\t\t\t<div class=\"elementor-element elementor-element-38058b6 elementor-widget elementor-widget-heading\" data-id=\"38058b6\" data-element_type=\"widget\" data-widget_type=\"heading.default\">\n\t\t\t\t<div class=\"elementor-widget-container\">\n\t\t\t\t\t<h2 class=\"elementor-heading-title elementor-size-default\">O n\u00e1s<\/h2>\t\t\t\t<\/div>\n\t\t\t\t<\/div>\n\t\t\t\t\t<\/div>\n\t\t<\/div>\n\t\t\t\t\t<\/div>\n\t\t<\/section>\n\t\t\t\t<section class=\"elementor-section elementor-top-section elementor-element elementor-element-96c668b elementor-section-boxed elementor-section-height-default elementor-section-height-default\" data-id=\"96c668b\" data-element_type=\"section\">\n\t\t\t\t\t\t<div class=\"elementor-container elementor-column-gap-default\">\n\t\t\t\t\t<div class=\"elementor-column elementor-col-100 elementor-top-column elementor-element elementor-element-8af91fa\" data-id=\"8af91fa\" data-element_type=\"column\">\n\t\t\t<div class=\"elementor-widget-wrap elementor-element-populated\">\n\t\t\t\t\t\t<div class=\"elementor-element elementor-element-4cf08fa elementor-widget elementor-widget-text-editor\" data-id=\"4cf08fa\" data-element_type=\"widget\" data-widget_type=\"text-editor.default\">\n\t\t\t\t<div class=\"elementor-widget-container\">\n\t\t\t\t\t\t\t\t\t<hr \/><p>\u00a0<\/p>\t\t\t\t\t\t\t\t<\/div>\n\t\t\t\t<\/div>\n\t\t\t\t\t<\/div>\n\t\t<\/div>\n\t\t\t\t\t<\/div>\n\t\t<\/section>\n\t\t\t\t<section class=\"elementor-section elementor-top-section elementor-element elementor-element-a4f339a elementor-section-boxed elementor-section-height-default elementor-section-height-default\" data-id=\"a4f339a\" data-element_type=\"section\">\n\t\t\t\t\t\t<div class=\"elementor-container elementor-column-gap-default\">\n\t\t\t\t\t<div class=\"elementor-column elementor-col-100 elementor-top-column elementor-element elementor-element-cd597e4\" data-id=\"cd597e4\" data-element_type=\"column\">\n\t\t\t<div class=\"elementor-widget-wrap elementor-element-populated\">\n\t\t\t\t\t\t<div class=\"elementor-element elementor-element-1718445 elementor-widget elementor-widget-text-editor\" data-id=\"1718445\" data-element_type=\"widget\" data-widget_type=\"text-editor.default\">\n\t\t\t\t<div class=\"elementor-widget-container\">\n\t\t\t\t\t\t\t\t\t<h1 style=\"font-weight: var(--h1fontweight); line-height: var(--h1lineheight); letter-spacing: var(--h1letterspacing); text-transform: none; text-align: center;\">\u00a0<\/h1><p style=\"letter-spacing: 0.1px; font-size: var(--wp--preset--font-size--medium) !important;\">Specializaci spole\u010dnosti\u00a0<strong>CONTEX PRAHA s.r.o.<\/strong>\u00a0je prodej a distribuce pr\u016fmyslov\u00fdch konektor\u016f.<\/p><p>\u00a0<\/p><p style=\"letter-spacing: 0.1px; font-size: var(--wp--preset--font-size--medium) !important;\">Nab\u00edz\u00edme pr\u016fmyslov\u00e9 konektory pro stoj\u00ed za\u0159\u00edzen\u00ed, automatizovan\u00e9 v\u00fdrobn\u00ed linky a dal\u0161\u00ed pr\u016fmyslov\u00e9 konektory.<\/p><ul style=\"padding-left: var(--listpad,0); list-style: var(--liststyle,none); letter-spacing: 0.1px;\"><li style=\"text-align: left;\">Vysok\u00e1 odolnost a spolehlivost<\/li><li style=\"text-align: left;\">\u0160pi\u010dkov\u00e1 kvalita proveden\u00ed<\/li><li style=\"text-align: left;\">\u0160irok\u00fd sortiment<\/li><li style=\"text-align: left;\">Odborn\u00e9 poradenstv\u00ed<\/li><\/ul><p style=\"letter-spacing: 0.1px; font-size: var(--wp--preset--font-size--medium) !important;\">Pr\u016fmyslov\u00e9 konektory jsou vyu\u017e\u00edv\u00e1ny pro automatizovan\u00e9 linky, pr\u016fmyslovou automatizaci, strojn\u00ed za\u0159\u00edzen\u00ed, elektr\u00e1rny i distribu\u010dn\u00ed soustavy a dal\u0161\u00ed technologick\u00e9 celky.<\/p><p>\u00a0<\/p><p style=\"letter-spacing: 0.1px;\">V na\u0161\u00ed nab\u00eddce naleznete\u00a0<strong>nap\u00e1jec\u00ed i datov\u00e9 konektory<\/strong>.\u00a0<\/p><p style=\"letter-spacing: 0.1px;\">Nap\u00e1jec\u00ed konektory nab\u00edz\u00edme pro silnoproud\u00e9 i slaboproud\u00e9 pr\u016fmyslov\u00e9 za\u0159\u00edzen\u00ed.<\/p><p>\u00a0<\/p><p style=\"letter-spacing: 0.1px;\">Z\u00edskejte spolehliv\u00e9ho dodavatele konektor\u016f.\u00a0<\/p><p>\u00a0<\/p><p style=\"letter-spacing: 0.1px;\">S\u00eddl\u00edme v Praze a p\u016fsob\u00edme po cel\u00e9 \u010cesk\u00e9 Republice.<\/p><p>\u00a0<\/p><p style=\"letter-spacing: 0.1px;\">Kontaktujte n\u00e1s :\u00a0<a style=\"--linkdeco: underline;\" href=\"mailto:obchod@prahacontex.cz\">obchod@contexpraha.cz<\/a><\/p>\t\t\t\t\t\t\t\t<\/div>\n\t\t\t\t<\/div>\n\t\t\t\t\t<\/div>\n\t\t<\/div>\n\t\t\t\t\t<\/div>\n\t\t<\/section>\n\t\t\t\t<section class=\"elementor-section elementor-top-section elementor-element elementor-element-f37f6ec elementor-section-boxed elementor-section-height-default elementor-section-height-default\" data-id=\"f37f6ec\" data-element_type=\"section\">\n\t\t\t\t\t\t<div class=\"elementor-container elementor-column-gap-default\">\n\t\t\t\t\t<div class=\"elementor-column elementor-col-100 elementor-top-column elementor-element elementor-element-a6731b5\" data-id=\"a6731b5\" data-element_type=\"column\">\n\t\t\t<div class=\"elementor-widget-wrap elementor-element-populated\">\n\t\t\t\t\t\t<div class=\"elementor-element elementor-element-37ddeb0 elementor-widget elementor-widget-text-editor\" data-id=\"37ddeb0\" data-element_type=\"widget\" data-widget_type=\"text-editor.default\">\n\t\t\t\t<div class=\"elementor-widget-container\">\n\t\t\t\t\t\t\t\t\t<hr \/>\n<p>\u00a0<\/p>\t\t\t\t\t\t\t\t<\/div>\n\t\t\t\t<\/div>\n\t\t\t\t\t<\/div>\n\t\t<\/div>\n\t\t\t\t\t<\/div>\n\t\t<\/section>\n\t\t\t\t<section class=\"elementor-section elementor-top-section elementor-element elementor-element-29ebed5 elementor-section-boxed elementor-section-height-default elementor-section-height-default\" data-id=\"29ebed5\" data-element_type=\"section\">\n\t\t\t\t\t\t<div class=\"elementor-container elementor-column-gap-default\">\n\t\t\t\t\t<div class=\"elementor-column elementor-col-33 elementor-top-column elementor-element elementor-element-fc33d1d\" data-id=\"fc33d1d\" data-element_type=\"column\">\n\t\t\t<div class=\"elementor-widget-wrap elementor-element-populated\">\n\t\t\t\t\t\t<div class=\"elementor-element elementor-element-6682276 elementor-widget elementor-widget-text-editor\" data-id=\"6682276\" data-element_type=\"widget\" data-widget_type=\"text-editor.default\">\n\t\t\t\t<div class=\"elementor-widget-container\">\n\t\t\t\t\t\t\t\t\t<div class=\"wp-block-image icon-style is-style-rounded\" style=\"color: #ffffff; letter-spacing: 0.1px;\">\n<figure class=\"aligncenter is-resized\"><img fetchpriority=\"high\" decoding=\"async\" decoding=async  fetchpriority=\"high\" class=\"aligncenter\" src=\"https:\/\/mlm1npjzorcm.i.optimole.com\/w:auto\/h:auto\/q:mauto\/f:best\/ig:avif\/https:\/\/www.contexpraha.cz\/wp-content\/themes\/neve\/assets\/img\/starter-content\/icon-03.svg\" alt=\"\" width=\"48\" height=\"48\" \/><\/figure>\n<\/div>\n<p style=\"color: #ffffff; letter-spacing: 0.1px;\">\u00a0<\/p>\n<h3 class=\"has-text-align-center has-neve-text-color-color has-text-color\" style=\"font-size: var(--h3fontsize); font-weight: var(--h3fontweight); font-family: var(--headingsfontfamily),var(--nv-fallback-ff); line-height: var(--h3lineheight); letter-spacing: var(--h3letterspacing); text-transform: none;\">Odborn\u00e9 poradenstv\u00ed<\/h3>\t\t\t\t\t\t\t\t<\/div>\n\t\t\t\t<\/div>\n\t\t\t\t\t<\/div>\n\t\t<\/div>\n\t\t\t\t<div class=\"elementor-column elementor-col-33 elementor-top-column elementor-element elementor-element-35980bc\" data-id=\"35980bc\" data-element_type=\"column\">\n\t\t\t<div class=\"elementor-widget-wrap elementor-element-populated\">\n\t\t\t\t\t\t<div class=\"elementor-element elementor-element-a90962f elementor-widget elementor-widget-text-editor\" data-id=\"a90962f\" data-element_type=\"widget\" data-widget_type=\"text-editor.default\">\n\t\t\t\t<div class=\"elementor-widget-container\">\n\t\t\t\t\t\t\t\t\t<div class=\"wp-block-image icon-style is-style-rounded\" style=\"color: #ffffff; letter-spacing: 0.1px;\">\n<figure class=\"aligncenter is-resized\"><img fetchpriority=\"high\" decoding=\"async\" decoding=async  fetchpriority=\"high\" class=\"aligncenter\" src=\"https:\/\/mlm1npjzorcm.i.optimole.com\/w:auto\/h:auto\/q:mauto\/f:best\/ig:avif\/https:\/\/www.contexpraha.cz\/wp-content\/themes\/neve\/assets\/img\/starter-content\/icon-03.svg\" alt=\"\" width=\"48\" height=\"48\" \/><\/figure>\n<\/div>\n<p style=\"color: #ffffff; letter-spacing: 0.1px;\">\u00a0<\/p>\n<h3 class=\"has-text-align-center has-neve-text-color-color has-text-color\" style=\"font-size: var(--h3fontsize); font-weight: var(--h3fontweight); font-family: var(--headingsfontfamily),var(--nv-fallback-ff); line-height: var(--h3lineheight); letter-spacing: var(--h3letterspacing); text-transform: none;\">\u0160irok\u00fd sortiment<\/h3>\t\t\t\t\t\t\t\t<\/div>\n\t\t\t\t<\/div>\n\t\t\t\t\t<\/div>\n\t\t<\/div>\n\t\t\t\t<div class=\"elementor-column elementor-col-33 elementor-top-column elementor-element elementor-element-213e2dd\" data-id=\"213e2dd\" data-element_type=\"column\">\n\t\t\t<div class=\"elementor-widget-wrap elementor-element-populated\">\n\t\t\t\t\t\t<div class=\"elementor-element elementor-element-6218b33 elementor-widget elementor-widget-text-editor\" data-id=\"6218b33\" data-element_type=\"widget\" data-widget_type=\"text-editor.default\">\n\t\t\t\t<div class=\"elementor-widget-container\">\n\t\t\t\t\t\t\t\t\t<div class=\"wp-block-image icon-style is-style-rounded\" style=\"color: #ffffff; letter-spacing: 0.1px;\">\n<figure class=\"aligncenter is-resized\"><img fetchpriority=\"high\" decoding=\"async\" decoding=async  fetchpriority=\"high\" src=\"https:\/\/mlm1npjzorcm.i.optimole.com\/w:auto\/h:auto\/q:mauto\/f:best\/ig:avif\/https:\/\/www.contexpraha.cz\/wp-content\/themes\/neve\/assets\/img\/starter-content\/icon-03.svg\" alt=\"\" width=\"48\" height=\"48\" \/><\/figure>\n<\/div>\n<p style=\"color: #ffffff; letter-spacing: 0.1px;\">\u00a0<\/p>\n<h3 class=\"has-text-align-center has-neve-text-color-color has-text-color\" style=\"font-size: var(--h3fontsize); font-weight: var(--h3fontweight); font-family: var(--headingsfontfamily),var(--nv-fallback-ff); line-height: var(--h3lineheight); letter-spacing: var(--h3letterspacing); text-transform: none;\">\u0160pi\u010dkov\u00e1 kvalita proveden\u00ed<\/h3>\t\t\t\t\t\t\t\t<\/div>\n\t\t\t\t<\/div>\n\t\t\t\t\t<\/div>\n\t\t<\/div>\n\t\t\t\t\t<\/div>\n\t\t<\/section>\n\t\t\t\t<section class=\"elementor-section elementor-top-section elementor-element elementor-element-8aeb272 elementor-section-boxed elementor-section-height-default elementor-section-height-default\" data-id=\"8aeb272\" data-element_type=\"section\">\n\t\t\t\t\t\t<div class=\"elementor-container elementor-column-gap-default\">\n\t\t\t\t\t<div class=\"elementor-column elementor-col-100 elementor-top-column elementor-element elementor-element-62a4032\" data-id=\"62a4032\" data-element_type=\"column\">\n\t\t\t<div class=\"elementor-widget-wrap elementor-element-populated\">\n\t\t\t\t\t\t<div class=\"elementor-element elementor-element-384672f elementor-widget elementor-widget-text-editor\" data-id=\"384672f\" data-element_type=\"widget\" data-widget_type=\"text-editor.default\">\n\t\t\t\t<div class=\"elementor-widget-container\">\n\t\t\t\t\t\t\t\t\t<hr \/>\n<p>\u00a0<\/p>\t\t\t\t\t\t\t\t<\/div>\n\t\t\t\t<\/div>\n\t\t\t\t\t<\/div>\n\t\t<\/div>\n\t\t\t\t\t<\/div>\n\t\t<\/section>\n\t\t\t\t<section class=\"elementor-section elementor-top-section elementor-element elementor-element-48d0d3d elementor-section-boxed elementor-section-height-default elementor-section-height-default\" data-id=\"48d0d3d\" data-element_type=\"section\">\n\t\t\t\t\t\t<div class=\"elementor-container elementor-column-gap-default\">\n\t\t\t\t\t<div class=\"elementor-column elementor-col-33 elementor-top-column elementor-element elementor-element-5f7168e\" data-id=\"5f7168e\" data-element_type=\"column\">\n\t\t\t<div class=\"elementor-widget-wrap elementor-element-populated\">\n\t\t\t\t\t\t<div class=\"elementor-element elementor-element-4a3ef11 elementor-widget elementor-widget-text-editor\" data-id=\"4a3ef11\" data-element_type=\"widget\" data-widget_type=\"text-editor.default\">\n\t\t\t\t<div class=\"elementor-widget-container\">\n\t\t\t\t\t\t\t\t\t<h3 class=\"has-text-align-center has-neve-text-color-color has-text-color\" style=\"font-size: var(--h3fontsize); font-weight: var(--h3fontweight); font-family: var(--headingsfontfamily),var(--nv-fallback-ff); line-height: var(--h3lineheight); letter-spacing: var(--h3letterspacing); text-transform: none; text-align: center;\">Martin Smolar<\/h3>\n<p class=\"has-text-align-center has-neve-text-color-color has-text-color has-medium-font-size\" style=\"letter-spacing: 0.1px; font-size: var(--wp--preset--font-size--medium)  !important;\">technicko &#8211; obchodn\u00ed z\u00e1stupce<\/p>\n<p class=\"has-text-align-center has-neve-text-color-color has-text-color\" style=\"letter-spacing: 0.1px;\"><a style=\"--linkdeco: underline;\" href=\"mailto:martin.smolar@contexpraha.cz\">martin.smolar@contexpraha.cz<\/a><\/p>\t\t\t\t\t\t\t\t<\/div>\n\t\t\t\t<\/div>\n\t\t\t\t\t<\/div>\n\t\t<\/div>\n\t\t\t\t<div class=\"elementor-column elementor-col-33 elementor-top-column elementor-element elementor-element-fea8b5d\" data-id=\"fea8b5d\" data-element_type=\"column\">\n\t\t\t<div class=\"elementor-widget-wrap elementor-element-populated\">\n\t\t\t\t\t\t<div class=\"elementor-element elementor-element-829fbb4 elementor-widget elementor-widget-text-editor\" data-id=\"829fbb4\" data-element_type=\"widget\" data-widget_type=\"text-editor.default\">\n\t\t\t\t<div class=\"elementor-widget-container\">\n\t\t\t\t\t\t\t\t\t<h3 class=\"has-text-align-center has-neve-text-color-color has-text-color\" style=\"font-size: var(--h3fontsize); font-weight: var(--h3fontweight); font-family: var(--headingsfontfamily),var(--nv-fallback-ff); line-height: var(--h3lineheight); letter-spacing: var(--h3letterspacing); text-transform: none;\">Ing. Hana Suchradov\u00e1<\/h3>\n<p class=\"has-text-align-center has-neve-text-color-color has-text-color has-medium-font-size\" style=\"letter-spacing: 0.1px; font-size: var(--wp--preset--font-size--medium)  !important;\">jednatelka \/ obchod<\/p>\n<p class=\"has-text-align-center has-neve-text-color-color has-text-color\" style=\"letter-spacing: 0.1px;\"><a style=\"--linkdeco: underline;\" href=\"mailto:hana.suchardova@contexpraha.cz\">hana.suchardova@contexpraha.cz<\/a><\/p>\t\t\t\t\t\t\t\t<\/div>\n\t\t\t\t<\/div>\n\t\t\t\t\t<\/div>\n\t\t<\/div>\n\t\t\t\t<div class=\"elementor-column elementor-col-33 elementor-top-column elementor-element elementor-element-67c2b98\" data-id=\"67c2b98\" data-element_type=\"column\">\n\t\t\t<div class=\"elementor-widget-wrap elementor-element-populated\">\n\t\t\t\t\t\t<div class=\"elementor-element elementor-element-7ab5f19 elementor-widget elementor-widget-text-editor\" data-id=\"7ab5f19\" data-element_type=\"widget\" data-widget_type=\"text-editor.default\">\n\t\t\t\t<div class=\"elementor-widget-container\">\n\t\t\t\t\t\t\t\t\t<h3 class=\"has-text-align-center has-neve-text-color-color has-text-color\" style=\"font-size: var(--h3fontsize); font-weight: var(--h3fontweight); font-family: var(--headingsfontfamily),var(--nv-fallback-ff); line-height: var(--h3lineheight); letter-spacing: var(--h3letterspacing); text-transform: none;\">Kate\u0159ina Fi\u0161erov\u00e1<\/h3>\n<p style=\"text-align: center;\">z\u00e1kaznick\u00fd servis<\/p>\n<p class=\"has-text-align-center has-neve-text-color-color has-text-color has-medium-font-size\" style=\"letter-spacing: 0.1px; font-size: var(--wp--preset--font-size--medium)  !important;\"><a style=\"--linkdeco: underline;\" href=\"mailto:katerina.fiserova@contexpraha.cz\">katerina.fiserova@contexpraha.cz<\/a><\/p>\t\t\t\t\t\t\t\t<\/div>\n\t\t\t\t<\/div>\n\t\t\t\t\t<\/div>\n\t\t<\/div>\n\t\t\t\t\t<\/div>\n\t\t<\/section>\n\t\t\t\t<section class=\"elementor-section elementor-top-section elementor-element elementor-element-78b1112 elementor-section-boxed elementor-section-height-default elementor-section-height-default\" data-id=\"78b1112\" data-element_type=\"section\">\n\t\t\t\t\t\t<div class=\"elementor-container elementor-column-gap-default\">\n\t\t\t\t\t<div class=\"elementor-column elementor-col-100 elementor-top-column elementor-element elementor-element-f35f2f6\" data-id=\"f35f2f6\" data-element_type=\"column\">\n\t\t\t<div class=\"elementor-widget-wrap elementor-element-populated\">\n\t\t\t\t\t\t<div class=\"elementor-element elementor-element-f933a26 elementor-widget elementor-widget-text-editor\" data-id=\"f933a26\" data-element_type=\"widget\" data-widget_type=\"text-editor.default\">\n\t\t\t\t<div class=\"elementor-widget-container\">\n\t\t\t\t\t\t\t\t\t<hr \/>\n<p>\u00a0<\/p>\n<p>\u00a0<\/p>\t\t\t\t\t\t\t\t<\/div>\n\t\t\t\t<\/div>\n\t\t\t\t\t<\/div>\n\t\t<\/div>\n\t\t\t\t\t<\/div>\n\t\t<\/section>\n\t\t\t\t<section class=\"elementor-section elementor-top-section elementor-element elementor-element-b2308b0 elementor-section-boxed elementor-section-height-default elementor-section-height-default\" data-id=\"b2308b0\" data-element_type=\"section\">\n\t\t\t\t\t\t<div class=\"elementor-container elementor-column-gap-default\">\n\t\t\t\t\t<div class=\"elementor-column elementor-col-100 elementor-top-column elementor-element elementor-element-357833e\" data-id=\"357833e\" data-element_type=\"column\">\n\t\t\t<div class=\"elementor-widget-wrap elementor-element-populated\">\n\t\t\t\t\t\t<div class=\"elementor-element elementor-element-28a5b2c elementor-widget elementor-widget-html\" data-id=\"28a5b2c\" data-element_type=\"widget\" data-widget_type=\"html.default\">\n\t\t\t\t<div class=\"elementor-widget-container\">\n\t\t\t\t\t<!-- Google tag (gtag.js) -->\n<script async src=\"https:\/\/www.googletagmanager.com\/gtag\/js?id=G-VH1SRFWBYL\"><\/script>\n<script>\n  window.dataLayer = window.dataLayer || [];\n  function gtag(){dataLayer.push(arguments);}\n  gtag('js', new Date());\n\n  gtag('config', 'G-VH1SRFWBYL');\n<\/script>\t\t\t\t<\/div>\n\t\t\t\t<\/div>\n\t\t\t\t\t<\/div>\n\t\t<\/div>\n\t\t\t\t\t<\/div>\n\t\t<\/section>\n\t\t\t\t<\/div>\n\t\t","protected":false},"excerpt":{"rendered":"<p>O n\u00e1s \u00a0 \u00a0 Specializaci spole\u010dnosti\u00a0CONTEX PRAHA s.r.o.\u00a0je prodej a distribuce pr\u016fmyslov\u00fdch konektor\u016f. \u00a0 Nab\u00edz\u00edme pr\u016fmyslov\u00e9 konektory pro stoj\u00ed za\u0159\u00edzen\u00ed, automatizovan\u00e9 v\u00fdrobn\u00ed linky a dal\u0161\u00ed pr\u016fmyslov\u00e9 konektory. Vysok\u00e1 odolnost a spolehlivost \u0160pi\u010dkov\u00e1 kvalita proveden\u00ed \u0160irok\u00fd sortiment Odborn\u00e9 poradenstv\u00ed Pr\u016fmyslov\u00e9 konektory jsou vyu\u017e\u00edv\u00e1ny pro automatizovan\u00e9 linky, pr\u016fmyslovou automatizaci, strojn\u00ed za\u0159\u00edzen\u00ed, elektr\u00e1rny i distribu\u010dn\u00ed soustavy a dal\u0161\u00ed&hellip;&nbsp;<a href=\"https:\/\/www.contexpraha.cz\/?page_id=17\" rel=\"bookmark\">\u010c\u00edst d\u00e1le &raquo;<span class=\"screen-reader-text\">O n\u00e1s<\/span><\/a><\/p>\n","protected":false},"author":1,"featured_media":0,"parent":0,"menu_order":0,"comment_status":"closed","ping_status":"closed","template":"","meta":{"neve_meta_sidebar":"","neve_meta_container":"","neve_meta_enable_content_width":"on","neve_meta_content_width":100,"neve_meta_title_alignment":"","neve_meta_author_avatar":"","neve_post_elements_order":"","neve_meta_disable_header":"","neve_meta_disable_footer":"on","neve_meta_disable_title":"on","footnotes":""},"_links":{"self":[{"href":"https:\/\/www.contexpraha.cz\/index.php?rest_route=\/wp\/v2\/pages\/17"}],"collection":[{"href":"https:\/\/www.contexpraha.cz\/index.php?rest_route=\/wp\/v2\/pages"}],"about":[{"href":"https:\/\/www.contexpraha.cz\/index.php?rest_route=\/wp\/v2\/types\/page"}],"author":[{"embeddable":true,"href":"https:\/\/www.contexpraha.cz\/index.php?rest_route=\/wp\/v2\/users\/1"}],"replies":[{"embeddable":true,"href":"https:\/\/www.contexpraha.cz\/index.php?rest_route=%2Fwp%2Fv2%2Fcomments&post=17"}],"version-history":[{"count":18,"href":"https:\/\/www.contexpraha.cz\/index.php?rest_route=\/wp\/v2\/pages\/17\/revisions"}],"predecessor-version":[{"id":1666,"href":"https:\/\/www.contexpraha.cz\/index.php?rest_route=\/wp\/v2\/pages\/17\/revisions\/1666"}],"wp:attachment":[{"href":"https:\/\/www.contexpraha.cz\/index.php?rest_route=%2Fwp%2Fv2%2Fmedia&parent=17"}],"curies":[{"name":"wp","href":"https:\/\/api.w.org\/{rel}","templated":true}]}}