{"id":120,"date":"2022-05-12T19:21:11","date_gmt":"2022-05-12T19:21:11","guid":{"rendered":"https:\/\/www.contexpraha.cz\/?page_id=120"},"modified":"2024-09-30T14:24:25","modified_gmt":"2024-09-30T13:24:25","slug":"kontakt-2","status":"publish","type":"page","link":"https:\/\/www.contexpraha.cz\/?page_id=120","title":{"rendered":"Kontakt"},"content":{"rendered":"\t\t<div data-elementor-type=\"wp-page\" data-elementor-id=\"120\" class=\"elementor elementor-120\">\n\t\t\t\t\t\t<section class=\"elementor-section elementor-top-section elementor-element elementor-element-9c2794f elementor-section-boxed elementor-section-height-default elementor-section-height-default\" data-id=\"9c2794f\" data-element_type=\"section\">\n\t\t\t\t\t\t<div class=\"elementor-container elementor-column-gap-default\">\n\t\t\t\t\t<div class=\"elementor-column elementor-col-100 elementor-top-column elementor-element elementor-element-26a8cda\" data-id=\"26a8cda\" data-element_type=\"column\">\n\t\t\t<div class=\"elementor-widget-wrap elementor-element-populated\">\n\t\t\t\t\t\t<div class=\"elementor-element elementor-element-55acb69 elementor-widget elementor-widget-heading\" data-id=\"55acb69\" data-element_type=\"widget\" data-widget_type=\"heading.default\">\n\t\t\t\t<div class=\"elementor-widget-container\">\n\t\t\t\t\t<h2 class=\"elementor-heading-title elementor-size-default\">Kontakty<\/h2>\t\t\t\t<\/div>\n\t\t\t\t<\/div>\n\t\t\t\t\t<\/div>\n\t\t<\/div>\n\t\t\t\t\t<\/div>\n\t\t<\/section>\n\t\t\t\t<section class=\"elementor-section elementor-top-section elementor-element elementor-element-0f866da elementor-section-boxed elementor-section-height-default elementor-section-height-default\" data-id=\"0f866da\" data-element_type=\"section\">\n\t\t\t\t\t\t<div class=\"elementor-container elementor-column-gap-default\">\n\t\t\t\t\t<div class=\"elementor-column elementor-col-100 elementor-top-column elementor-element elementor-element-ec5f891\" data-id=\"ec5f891\" data-element_type=\"column\">\n\t\t\t<div class=\"elementor-widget-wrap elementor-element-populated\">\n\t\t\t\t\t\t<div class=\"elementor-element elementor-element-3360a79 elementor-widget elementor-widget-text-editor\" data-id=\"3360a79\" data-element_type=\"widget\" data-widget_type=\"text-editor.default\">\n\t\t\t\t<div class=\"elementor-widget-container\">\n\t\t\t\t\t\t\t\t\t<hr \/>\n<p>\u00a0<\/p>\t\t\t\t\t\t\t\t<\/div>\n\t\t\t\t<\/div>\n\t\t\t\t\t<\/div>\n\t\t<\/div>\n\t\t\t\t\t<\/div>\n\t\t<\/section>\n\t\t\t\t<section class=\"elementor-section elementor-top-section elementor-element elementor-element-66bce6e elementor-section-boxed elementor-section-height-default elementor-section-height-default\" data-id=\"66bce6e\" data-element_type=\"section\">\n\t\t\t\t\t\t<div class=\"elementor-container elementor-column-gap-default\">\n\t\t\t\t\t<div class=\"elementor-column elementor-col-33 elementor-top-column elementor-element elementor-element-17d65bd\" data-id=\"17d65bd\" data-element_type=\"column\">\n\t\t\t<div class=\"elementor-widget-wrap elementor-element-populated\">\n\t\t\t\t\t\t<div class=\"elementor-element elementor-element-6f8c1ce elementor-widget elementor-widget-text-editor\" data-id=\"6f8c1ce\" data-element_type=\"widget\" data-widget_type=\"text-editor.default\">\n\t\t\t\t<div class=\"elementor-widget-container\">\n\t\t\t\t\t\t\t\t\t<p class=\"has-text-align-left\" style=\"letter-spacing: 0.1px; font-size: 16px; text-align: center;\"><strong>Ing. Hana Suchardov\u00e1<\/strong><\/p><p class=\"has-text-align-left\" style=\"letter-spacing: 0.1px; font-size: 16px; text-align: center;\">jednatelka \/ obchod<\/p><p class=\"has-text-align-left\" style=\"letter-spacing: 0.1px; font-size: 16px; text-align: center;\">\u00a0 \u00a0 \u00a0 \u00a0 \u00a0 e-mail:<a href=\"mailto:hana.suchardova@contexpraha.cz\">han<!-- >@. -->a.such<!-- >@. -->ardova<!-- >@. -->@co<!-- >@. -->ntexpraha.cz<\/a><\/p><p class=\"has-text-align-left\" style=\"letter-spacing: 0.1px; font-size: 16px; text-align: center;\">mobil: +420 602 181 634<\/p>\t\t\t\t\t\t\t\t<\/div>\n\t\t\t\t<\/div>\n\t\t\t\t\t<\/div>\n\t\t<\/div>\n\t\t\t\t<div class=\"elementor-column elementor-col-33 elementor-top-column elementor-element elementor-element-7a5c901\" data-id=\"7a5c901\" data-element_type=\"column\">\n\t\t\t<div class=\"elementor-widget-wrap elementor-element-populated\">\n\t\t\t\t\t\t<div class=\"elementor-element elementor-element-518eaa4 elementor-widget elementor-widget-text-editor\" data-id=\"518eaa4\" data-element_type=\"widget\" data-widget_type=\"text-editor.default\">\n\t\t\t\t<div class=\"elementor-widget-container\">\n\t\t\t\t\t\t\t\t\t<p class=\"has-text-align-left\" style=\"letter-spacing: 0.1px; font-size: 16px; text-align: center;\"><strong>Martin Smolar\u00a0<\/strong><\/p><p class=\"has-text-align-left\" style=\"letter-spacing: 0.1px; font-size: 16px; text-align: center;\">technicko &#8211; obchodn\u00ed z\u00e1stupce<\/p><p class=\"has-text-align-left\" style=\"letter-spacing: 0.1px; font-size: 16px; text-align: center;\">\u00a0 \u00a0 \u00a0 \u00a0 \u00a0e-mail:<a href=\"mailto:martin.smolar@contexpraha.cz\">mar<!-- >@. -->tin.sm<!-- >@. -->olar@c<!-- >@. -->ont<!-- >@. -->expraha.cz<\/a>\u00a0 \u00a0 \u00a0 \u00a0 \u00a0 \u00a0 \u00a0mobil: +420 725 877 553<\/p>\t\t\t\t\t\t\t\t<\/div>\n\t\t\t\t<\/div>\n\t\t\t\t\t<\/div>\n\t\t<\/div>\n\t\t\t\t<div class=\"elementor-column elementor-col-33 elementor-top-column elementor-element elementor-element-76b6483\" data-id=\"76b6483\" data-element_type=\"column\">\n\t\t\t<div class=\"elementor-widget-wrap elementor-element-populated\">\n\t\t\t\t\t\t<div class=\"elementor-element elementor-element-c3b5cc5 elementor-widget__width-inherit elementor-widget elementor-widget-text-editor\" data-id=\"c3b5cc5\" data-element_type=\"widget\" data-widget_type=\"text-editor.default\">\n\t\t\t\t<div class=\"elementor-widget-container\">\n\t\t\t\t\t\t\t\t\t<p style=\"letter-spacing: 0.1px; font-size: 15px; text-align: center;\"><strong>Barbora Rychl\u00edkov\u00e1<\/strong><\/p>\n<p style=\"letter-spacing: 0.1px; font-size: 15px; text-align: center;\">z\u00e1kaznick\u00fd servis<\/p>\n<p style=\"letter-spacing: 0.1px; font-size: 15px; text-align: center;\">e-mail:<a href=\"mailto:barbora.rychlikova@contexpraha.cz\">barbora.rychlikova@contexpraha.cz<\/a><a href=\"mailto:katerina.fiserova@contexpraha.cz\">&nbsp;<\/a><\/p>\n<p style=\"letter-spacing: 0.1px; font-size: 15px; text-align: center;\">mobil: +420 725 006 564<\/p>\t\t\t\t\t\t\t\t<\/div>\n\t\t\t\t<\/div>\n\t\t\t\t\t<\/div>\n\t\t<\/div>\n\t\t\t\t\t<\/div>\n\t\t<\/section>\n\t\t\t\t<section class=\"elementor-section elementor-top-section elementor-element elementor-element-22a39a3 elementor-section-boxed elementor-section-height-default elementor-section-height-default\" data-id=\"22a39a3\" data-element_type=\"section\">\n\t\t\t\t\t\t<div class=\"elementor-container elementor-column-gap-default\">\n\t\t\t\t\t<div class=\"elementor-column elementor-col-100 elementor-top-column elementor-element elementor-element-9303d00\" data-id=\"9303d00\" data-element_type=\"column\">\n\t\t\t<div class=\"elementor-widget-wrap elementor-element-populated\">\n\t\t\t\t\t\t<div class=\"elementor-element elementor-element-ab6dee1 elementor-widget elementor-widget-text-editor\" data-id=\"ab6dee1\" data-element_type=\"widget\" data-widget_type=\"text-editor.default\">\n\t\t\t\t<div class=\"elementor-widget-container\">\n\t\t\t\t\t\t\t\t\t<hr \/>\n<p>\u00a0<\/p>\t\t\t\t\t\t\t\t<\/div>\n\t\t\t\t<\/div>\n\t\t\t\t\t<\/div>\n\t\t<\/div>\n\t\t\t\t\t<\/div>\n\t\t<\/section>\n\t\t\t\t<section class=\"elementor-section elementor-top-section elementor-element elementor-element-bd986ed elementor-section-boxed elementor-section-height-default elementor-section-height-default\" data-id=\"bd986ed\" data-element_type=\"section\">\n\t\t\t\t\t\t<div class=\"elementor-container elementor-column-gap-default\">\n\t\t\t\t\t<div class=\"elementor-column elementor-col-50 elementor-top-column elementor-element elementor-element-6dfe4a2\" data-id=\"6dfe4a2\" data-element_type=\"column\">\n\t\t\t<div class=\"elementor-widget-wrap elementor-element-populated\">\n\t\t\t\t\t\t<div class=\"elementor-element elementor-element-4355136 elementor-widget elementor-widget-text-editor\" data-id=\"4355136\" data-element_type=\"widget\" data-widget_type=\"text-editor.default\">\n\t\t\t\t<div class=\"elementor-widget-container\">\n\t\t\t\t\t\t\t\t\t<p><span style=\"text-decoration: underline;\"><strong>Kde n\u00e1s najdete:<\/strong><\/span><\/p><p>Contex Praha s.r.o.<\/p><p>Ml\u00fdnsk\u00e1 60\/2<\/p><p>160 00 Praha<\/p><p>\u00a0<\/p><p>\u00a0<\/p><p>otev\u00edrac\u00ed doba: 08:00 &#8211; 17:00 (ve v\u0161edn\u00ed dny)<\/p>\t\t\t\t\t\t\t\t<\/div>\n\t\t\t\t<\/div>\n\t\t\t\t\t<\/div>\n\t\t<\/div>\n\t\t\t\t<div class=\"elementor-column elementor-col-50 elementor-top-column elementor-element elementor-element-ba8d64d\" data-id=\"ba8d64d\" data-element_type=\"column\">\n\t\t\t<div class=\"elementor-widget-wrap elementor-element-populated\">\n\t\t\t\t\t\t<div class=\"elementor-element elementor-element-c064356 elementor-widget elementor-widget-google_maps\" data-id=\"c064356\" data-element_type=\"widget\" data-widget_type=\"google_maps.default\">\n\t\t\t\t<div class=\"elementor-widget-container\">\n\t\t\t\t\t\t\t<div class=\"elementor-custom-embed\">\n\t\t\t<iframe loading=\"lazy\"\n\t\t\t\t\tsrc=\"https:\/\/maps.google.com\/maps?q=Contex%20Praha%20&#038;t=m&#038;z=15&#038;output=embed&#038;iwloc=near\"\n\t\t\t\t\ttitle=\"Contex Praha \"\n\t\t\t\t\taria-label=\"Contex Praha \"\n\t\t\t><\/iframe>\n\t\t<\/div>\n\t\t\t\t\t\t<\/div>\n\t\t\t\t<\/div>\n\t\t\t\t\t<\/div>\n\t\t<\/div>\n\t\t\t\t\t<\/div>\n\t\t<\/section>\n\t\t\t\t<section class=\"elementor-section elementor-top-section elementor-element elementor-element-99f901c elementor-section-boxed elementor-section-height-default elementor-section-height-default\" data-id=\"99f901c\" data-element_type=\"section\">\n\t\t\t\t\t\t\t<div class=\"elementor-background-overlay\"><\/div>\n\t\t\t\t\t\t\t<div class=\"elementor-container elementor-column-gap-default\">\n\t\t\t\t\t<div class=\"elementor-column elementor-col-100 elementor-top-column elementor-element elementor-element-dd36c48\" data-id=\"dd36c48\" data-element_type=\"column\">\n\t\t\t<div class=\"elementor-widget-wrap elementor-element-populated\">\n\t\t\t\t\t\t<div class=\"elementor-element elementor-element-3731860 elementor-widget elementor-widget-text-editor\" data-id=\"3731860\" data-element_type=\"widget\" data-widget_type=\"text-editor.default\">\n\t\t\t\t<div class=\"elementor-widget-container\">\n\t\t\t\t\t\t\t\t\t<p>I\u010cO: 27889220<\/p><p>DI\u010c: CZ27889220<\/p><p>C 124426 veden\u00e1 u M\u011bstsk\u00e9ho soudu v Praze<\/p><p><b>Platby v K\u010d:<\/b><\/p><p>Raiffeisen Bank<\/p><p>\u010d.\u00fa.: CZK: 9200030301\/5500<\/p><p><b>Platby v EUR:<\/b><\/p><p>Citfin, spo\u0159iteln\u00ed dru\u017estvo<\/p><p>\u010d.\u00fa. EUR: 1034931\/2060<\/p><p>IBAN: CZ30 2060 0000 00000 0103 4931<\/p><p><strong>ID datov\u00e9 schr\u00e1nky<\/strong>: 56mwjsq<\/p>\t\t\t\t\t\t\t\t<\/div>\n\t\t\t\t<\/div>\n\t\t\t\t\t<\/div>\n\t\t<\/div>\n\t\t\t\t\t<\/div>\n\t\t<\/section>\n\t\t\t\t<section class=\"elementor-section elementor-top-section elementor-element elementor-element-c4adf73 elementor-section-boxed elementor-section-height-default elementor-section-height-default\" data-id=\"c4adf73\" data-element_type=\"section\">\n\t\t\t\t\t\t<div class=\"elementor-container elementor-column-gap-default\">\n\t\t\t\t\t<div class=\"elementor-column elementor-col-100 elementor-top-column elementor-element elementor-element-bd6766e\" data-id=\"bd6766e\" data-element_type=\"column\">\n\t\t\t<div class=\"elementor-widget-wrap elementor-element-populated\">\n\t\t\t\t\t\t<div class=\"elementor-element elementor-element-467512a elementor-widget elementor-widget-text-editor\" data-id=\"467512a\" data-element_type=\"widget\" data-widget_type=\"text-editor.default\">\n\t\t\t\t<div class=\"elementor-widget-container\">\n\t\t\t\t\t\t\t\t\t<hr \/>\n<p>\u00a0<\/p>\t\t\t\t\t\t\t\t<\/div>\n\t\t\t\t<\/div>\n\t\t\t\t\t<\/div>\n\t\t<\/div>\n\t\t\t\t\t<\/div>\n\t\t<\/section>\n\t\t\t\t<section class=\"elementor-section elementor-top-section elementor-element elementor-element-436afbc elementor-section-boxed elementor-section-height-default elementor-section-height-default\" data-id=\"436afbc\" data-element_type=\"section\">\n\t\t\t\t\t\t<div class=\"elementor-container elementor-column-gap-default\">\n\t\t\t\t\t<div class=\"elementor-column elementor-col-33 elementor-top-column elementor-element elementor-element-9fb83e9\" data-id=\"9fb83e9\" data-element_type=\"column\">\n\t\t\t<div class=\"elementor-widget-wrap elementor-element-populated\">\n\t\t\t\t\t\t<div class=\"elementor-element elementor-element-3914a20 elementor-widget elementor-widget-text-editor\" data-id=\"3914a20\" data-element_type=\"widget\" data-widget_type=\"text-editor.default\">\n\t\t\t\t<div class=\"elementor-widget-container\">\n\t\t\t\t\t\t\t\t\t<figure><\/figure>\n<figure style=\"color: #000000; letter-spacing: 0.1px;\"><\/figure>\n<h3><img fetchpriority=\"high\" decoding=\"async\" decoding=async  fetchpriority=\"high\" class=\"aligncenter\" src=\"https:\/\/mlm1npjzorcm.i.optimole.com\/w:auto\/h:auto\/q:mauto\/f:best\/ig:avif\/https:\/\/www.contexpraha.cz\/wp-content\/themes\/neve\/assets\/img\/starter-content\/icon-05.svg\" alt=\"\" width=\"53\" height=\"53\"><\/h3>\n<h1 style=\"font-size: var(--h3fontsize); font-family: var(--headingsfontfamily),var(--nv-fallback-ff); line-height: var(--h3lineheight); letter-spacing: var(--h3letterspacing); text-transform: none; text-align: center;\"><span style=\"font-weight: normal;\">(+420)&nbsp;602 181 634<\/span><\/h1>\t\t\t\t\t\t\t\t<\/div>\n\t\t\t\t<\/div>\n\t\t\t\t\t<\/div>\n\t\t<\/div>\n\t\t\t\t<div class=\"elementor-column elementor-col-33 elementor-top-column elementor-element elementor-element-ef76b06\" data-id=\"ef76b06\" data-element_type=\"column\">\n\t\t\t<div class=\"elementor-widget-wrap elementor-element-populated\">\n\t\t\t\t\t\t<div class=\"elementor-element elementor-element-65c5c12 elementor-widget elementor-widget-text-editor\" data-id=\"65c5c12\" data-element_type=\"widget\" data-widget_type=\"text-editor.default\">\n\t\t\t\t<div class=\"elementor-widget-container\">\n\t\t\t\t\t\t\t\t\t<figure><strong><img fetchpriority=\"high\" decoding=\"async\" decoding=async  fetchpriority=\"high\" class=\"aligncenter\" src=\"https:\/\/mlm1npjzorcm.i.optimole.com\/w:auto\/h:auto\/q:mauto\/f:best\/ig:avif\/https:\/\/www.contexpraha.cz\/wp-content\/themes\/neve\/assets\/img\/starter-content\/icon-06.svg\" alt=\"\" width=\"48\" height=\"48\" \/><\/strong><\/figure><figure><strong>\u00a0<\/strong><\/figure><figure><a href=\"mailto:obchod@contexpraha.cz\"><span style=\"background-color: var(--nv-site-bg); font-size: var(--bodyfontsize); font-weight: var(--bodyfontweight); letter-spacing: 0.1px; text-transform: var(--bodytexttransform);\">obchod@contexpraha.cz<\/span><\/a><\/figure><figure><\/figure><figure><\/figure>\t\t\t\t\t\t\t\t<\/div>\n\t\t\t\t<\/div>\n\t\t\t\t\t<\/div>\n\t\t<\/div>\n\t\t\t\t<div class=\"elementor-column elementor-col-33 elementor-top-column elementor-element elementor-element-38aa629\" data-id=\"38aa629\" data-element_type=\"column\">\n\t\t\t<div class=\"elementor-widget-wrap elementor-element-populated\">\n\t\t\t\t\t\t<div class=\"elementor-element elementor-element-f8d2a7e elementor-widget elementor-widget-text-editor\" data-id=\"f8d2a7e\" data-element_type=\"widget\" data-widget_type=\"text-editor.default\">\n\t\t\t\t<div class=\"elementor-widget-container\">\n\t\t\t\t\t\t\t\t\t<figure><\/figure><figure><img fetchpriority=\"high\" decoding=\"async\" decoding=async  fetchpriority=\"high\" class=\"aligncenter\" src=\"https:\/\/mlm1npjzorcm.i.optimole.com\/w:auto\/h:auto\/q:mauto\/f:best\/ig:avif\/https:\/\/www.contexpraha.cz\/wp-content\/themes\/neve\/assets\/img\/starter-content\/icon-04.svg\" alt=\"\" width=\"48\" height=\"48\" \/><\/figure><p>\u00a0<\/p><figure><div style=\"text-align: center;\"><span style=\"color: #000000; letter-spacing: 0.1px; text-align: center; background-color: var(--nv-site-bg);\">\u00a0<\/span><span style=\"color: #000000; letter-spacing: 0.1px; text-align: center; background-color: var(--nv-site-bg);\">Ml\u00fdnsk\u00e1 60\/2 , Praha 6\u00a0<\/span><\/div><\/figure>\t\t\t\t\t\t\t\t<\/div>\n\t\t\t\t<\/div>\n\t\t\t\t\t<\/div>\n\t\t<\/div>\n\t\t\t\t\t<\/div>\n\t\t<\/section>\n\t\t\t\t<section class=\"elementor-section elementor-top-section elementor-element elementor-element-f1497ba elementor-section-boxed elementor-section-height-default elementor-section-height-default\" data-id=\"f1497ba\" data-element_type=\"section\">\n\t\t\t\t\t\t<div class=\"elementor-container elementor-column-gap-default\">\n\t\t\t\t\t<div class=\"elementor-column elementor-col-100 elementor-top-column elementor-element elementor-element-31240be\" data-id=\"31240be\" data-element_type=\"column\">\n\t\t\t<div class=\"elementor-widget-wrap elementor-element-populated\">\n\t\t\t\t\t\t<div class=\"elementor-element elementor-element-6e324a4 elementor-widget elementor-widget-text-editor\" data-id=\"6e324a4\" data-element_type=\"widget\" data-widget_type=\"text-editor.default\">\n\t\t\t\t<div class=\"elementor-widget-container\">\n\t\t\t\t\t\t\t\t\t<hr \/>\n<p>\u00a0<\/p>\t\t\t\t\t\t\t\t<\/div>\n\t\t\t\t<\/div>\n\t\t\t\t\t<\/div>\n\t\t<\/div>\n\t\t\t\t\t<\/div>\n\t\t<\/section>\n\t\t\t\t<section class=\"elementor-section elementor-top-section elementor-element elementor-element-346c6e4 elementor-section-boxed elementor-section-height-default elementor-section-height-default\" data-id=\"346c6e4\" data-element_type=\"section\">\n\t\t\t\t\t\t<div class=\"elementor-container elementor-column-gap-default\">\n\t\t\t\t\t<div class=\"elementor-column elementor-col-100 elementor-top-column elementor-element elementor-element-49700ea\" data-id=\"49700ea\" data-element_type=\"column\">\n\t\t\t<div class=\"elementor-widget-wrap elementor-element-populated\">\n\t\t\t\t\t\t<div class=\"elementor-element elementor-element-a23c024 elementor-widget elementor-widget-html\" data-id=\"a23c024\" data-element_type=\"widget\" data-widget_type=\"html.default\">\n\t\t\t\t<div class=\"elementor-widget-container\">\n\t\t\t\t\t<!-- Google tag (gtag.js) -->\n<script async src=\"https:\/\/www.googletagmanager.com\/gtag\/js?id=G-VH1SRFWBYL\"><\/script>\n<script>\n  window.dataLayer = window.dataLayer || [];\n  function gtag(){dataLayer.push(arguments);}\n  gtag('js', new Date());\n\n  gtag('config', 'G-VH1SRFWBYL');\n<\/script>\t\t\t\t<\/div>\n\t\t\t\t<\/div>\n\t\t\t\t\t<\/div>\n\t\t<\/div>\n\t\t\t\t\t<\/div>\n\t\t<\/section>\n\t\t\t\t<\/div>\n\t\t","protected":false},"excerpt":{"rendered":"<p>Kontakty \u00a0 Ing. Hana Suchardov\u00e1 jednatelka \/ obchod \u00a0 \u00a0 \u00a0 \u00a0 \u00a0 e-mail:hana.suchardova@contexpraha.cz mobil: +420 602 181 634 Martin Smolar\u00a0 technicko &#8211; obchodn\u00ed z\u00e1stupce \u00a0 \u00a0 \u00a0 \u00a0 \u00a0e-mail:martin.smolar@contexpraha.cz\u00a0 \u00a0 \u00a0 \u00a0 \u00a0 \u00a0 \u00a0mobil: +420 725 877 553 Barbora Rychl\u00edkov\u00e1 z\u00e1kaznick\u00fd servis e-mail:barbora.rychlikova@contexpraha.cz&nbsp; mobil: +420 725 006 564 \u00a0 Kde n\u00e1s najdete: Contex&hellip;&nbsp;<a href=\"https:\/\/www.contexpraha.cz\/?page_id=120\" rel=\"bookmark\">\u010c\u00edst d\u00e1le &raquo;<span class=\"screen-reader-text\">Kontakt<\/span><\/a><\/p>\n","protected":false},"author":1,"featured_media":138,"parent":0,"menu_order":0,"comment_status":"closed","ping_status":"closed","template":"page-templates\/template-pagebuilder-full-width.php","meta":{"neve_meta_sidebar":"full-width","neve_meta_container":"full-width","neve_meta_enable_content_width":"off","neve_meta_content_width":70,"neve_meta_title_alignment":"center","neve_meta_author_avatar":"","neve_post_elements_order":"","neve_meta_disable_header":"","neve_meta_disable_footer":"on","neve_meta_disable_title":"off","footnotes":""},"_links":{"self":[{"href":"https:\/\/www.contexpraha.cz\/index.php?rest_route=\/wp\/v2\/pages\/120"}],"collection":[{"href":"https:\/\/www.contexpraha.cz\/index.php?rest_route=\/wp\/v2\/pages"}],"about":[{"href":"https:\/\/www.contexpraha.cz\/index.php?rest_route=\/wp\/v2\/types\/page"}],"author":[{"embeddable":true,"href":"https:\/\/www.contexpraha.cz\/index.php?rest_route=\/wp\/v2\/users\/1"}],"replies":[{"embeddable":true,"href":"https:\/\/www.contexpraha.cz\/index.php?rest_route=%2Fwp%2Fv2%2Fcomments&post=120"}],"version-history":[{"count":97,"href":"https:\/\/www.contexpraha.cz\/index.php?rest_route=\/wp\/v2\/pages\/120\/revisions"}],"predecessor-version":[{"id":1694,"href":"https:\/\/www.contexpraha.cz\/index.php?rest_route=\/wp\/v2\/pages\/120\/revisions\/1694"}],"wp:featuredmedia":[{"embeddable":true,"href":"https:\/\/www.contexpraha.cz\/index.php?rest_route=\/wp\/v2\/media\/138"}],"wp:attachment":[{"href":"https:\/\/www.contexpraha.cz\/index.php?rest_route=%2Fwp%2Fv2%2Fmedia&parent=120"}],"curies":[{"name":"wp","href":"https:\/\/api.w.org\/{rel}","templated":true}]}}